{"id":202,"date":"2016-05-02T08:55:52","date_gmt":"2016-05-02T06:55:52","guid":{"rendered":"http:\/\/towingservicecroatia.com\/towingservicecroatia.com\/naslovnica\/"},"modified":"2017-08-16T16:12:01","modified_gmt":"2017-08-16T14:12:01","slug":"home","status":"publish","type":"page","link":"https:\/\/towingservicecroatia.com\/en\/","title":{"rendered":"Home"},"content":{"rendered":"","protected":false},"excerpt":{"rendered":"","protected":false},"author":2,"featured_media":0,"parent":0,"menu_order":0,"comment_status":"closed","ping_status":"closed","template":"","meta":[],"yoast_head":"<!-- This site is optimized with the Yoast SEO plugin v19.11 - https:\/\/yoast.com\/wordpress\/plugins\/seo\/ -->\n<title>Auto Service Topic - Service, Towing service, Garage, Transport<\/title>\n<meta name=\"description\" content=\"Auto Service Topic was founded in 2003. We offer car service up to all the professional standards, as well as a Towing Services 24 h a day 365 days.\" \/>\n<meta name=\"robots\" content=\"index, follow, max-snippet:-1, max-image-preview:large, max-video-preview:-1\" \/>\n<link rel=\"canonical\" href=\"https:\/\/towingservicecroatia.com\/en\/\" \/>\n<meta property=\"og:locale\" content=\"en_US\" \/>\n<meta property=\"og:type\" content=\"article\" \/>\n<meta property=\"og:title\" content=\"Auto Service Topic - Service, Towing service, Garage, Transport\" \/>\n<meta property=\"og:description\" content=\"Auto Service Topic was founded in 2003. We offer car service up to all the professional standards, as well as a Towing Services 24 h a day 365 days.\" \/>\n<meta property=\"og:url\" content=\"https:\/\/towingservicecroatia.com\/en\/\" \/>\n<meta property=\"og:site_name\" content=\"Auto servis Topi\u0107\" \/>\n<meta property=\"article:modified_time\" content=\"2017-08-16T14:12:01+00:00\" \/>\n<meta name=\"twitter:card\" content=\"summary_large_image\" \/>\n<script type=\"application\/ld+json\" class=\"yoast-schema-graph\">{\"@context\":\"https:\/\/schema.org\",\"@graph\":[{\"@type\":\"WebPage\",\"@id\":\"https:\/\/towingservicecroatia.com\/en\/\",\"url\":\"https:\/\/towingservicecroatia.com\/en\/\",\"name\":\"Auto Service Topic - Service, Towing service, Garage, Transport\",\"isPartOf\":{\"@id\":\"https:\/\/towingservicecroatia.com\/en\/#website\"},\"datePublished\":\"2016-05-02T06:55:52+00:00\",\"dateModified\":\"2017-08-16T14:12:01+00:00\",\"description\":\"Auto Service Topic was founded in 2003. We offer car service up to all the professional standards, as well as a Towing Services 24 h a day 365 days.\",\"breadcrumb\":{\"@id\":\"https:\/\/towingservicecroatia.com\/en\/#breadcrumb\"},\"inLanguage\":\"en-US\",\"potentialAction\":[{\"@type\":\"ReadAction\",\"target\":[\"https:\/\/towingservicecroatia.com\/en\/\"]}]},{\"@type\":\"BreadcrumbList\",\"@id\":\"https:\/\/towingservicecroatia.com\/en\/#breadcrumb\",\"itemListElement\":[{\"@type\":\"ListItem\",\"position\":1,\"name\":\"Home\",\"item\":\"https:\/\/towingservicecroatia.com\/en\/\"},{\"@type\":\"ListItem\",\"position\":2,\"name\":\"Home\"}]},{\"@type\":\"WebSite\",\"@id\":\"https:\/\/towingservicecroatia.com\/en\/#website\",\"url\":\"https:\/\/towingservicecroatia.com\/en\/\",\"name\":\"Auto servis Topi\u0107\",\"description\":\"Auto servis Topi\u0107 - Ba\u0161ka Voda\",\"potentialAction\":[{\"@type\":\"SearchAction\",\"target\":{\"@type\":\"EntryPoint\",\"urlTemplate\":\"https:\/\/towingservicecroatia.com\/en\/?s={search_term_string}\"},\"query-input\":\"required name=search_term_string\"}],\"inLanguage\":\"en-US\"}]}<\/script>\n<!-- \/ Yoast SEO plugin. -->","yoast_head_json":{"title":"Auto Service Topic - Service, Towing service, Garage, Transport","description":"Auto Service Topic was founded in 2003. We offer car service up to all the professional standards, as well as a Towing Services 24 h a day 365 days.","robots":{"index":"index","follow":"follow","max-snippet":"max-snippet:-1","max-image-preview":"max-image-preview:large","max-video-preview":"max-video-preview:-1"},"canonical":"https:\/\/towingservicecroatia.com\/en\/","og_locale":"en_US","og_type":"article","og_title":"Auto Service Topic - Service, Towing service, Garage, Transport","og_description":"Auto Service Topic was founded in 2003. We offer car service up to all the professional standards, as well as a Towing Services 24 h a day 365 days.","og_url":"https:\/\/towingservicecroatia.com\/en\/","og_site_name":"Auto servis Topi\u0107","article_modified_time":"2017-08-16T14:12:01+00:00","twitter_card":"summary_large_image","schema":{"@context":"https:\/\/schema.org","@graph":[{"@type":"WebPage","@id":"https:\/\/towingservicecroatia.com\/en\/","url":"https:\/\/towingservicecroatia.com\/en\/","name":"Auto Service Topic - Service, Towing service, Garage, Transport","isPartOf":{"@id":"https:\/\/towingservicecroatia.com\/en\/#website"},"datePublished":"2016-05-02T06:55:52+00:00","dateModified":"2017-08-16T14:12:01+00:00","description":"Auto Service Topic was founded in 2003. We offer car service up to all the professional standards, as well as a Towing Services 24 h a day 365 days.","breadcrumb":{"@id":"https:\/\/towingservicecroatia.com\/en\/#breadcrumb"},"inLanguage":"en-US","potentialAction":[{"@type":"ReadAction","target":["https:\/\/towingservicecroatia.com\/en\/"]}]},{"@type":"BreadcrumbList","@id":"https:\/\/towingservicecroatia.com\/en\/#breadcrumb","itemListElement":[{"@type":"ListItem","position":1,"name":"Home","item":"https:\/\/towingservicecroatia.com\/en\/"},{"@type":"ListItem","position":2,"name":"Home"}]},{"@type":"WebSite","@id":"https:\/\/towingservicecroatia.com\/en\/#website","url":"https:\/\/towingservicecroatia.com\/en\/","name":"Auto servis Topi\u0107","description":"Auto servis Topi\u0107 - Ba\u0161ka Voda","potentialAction":[{"@type":"SearchAction","target":{"@type":"EntryPoint","urlTemplate":"https:\/\/towingservicecroatia.com\/en\/?s={search_term_string}"},"query-input":"required name=search_term_string"}],"inLanguage":"en-US"}]}},"_links":{"self":[{"href":"https:\/\/towingservicecroatia.com\/en\/wp-json\/wp\/v2\/pages\/202"}],"collection":[{"href":"https:\/\/towingservicecroatia.com\/en\/wp-json\/wp\/v2\/pages"}],"about":[{"href":"https:\/\/towingservicecroatia.com\/en\/wp-json\/wp\/v2\/types\/page"}],"author":[{"embeddable":true,"href":"https:\/\/towingservicecroatia.com\/en\/wp-json\/wp\/v2\/users\/2"}],"replies":[{"embeddable":true,"href":"https:\/\/towingservicecroatia.com\/en\/wp-json\/wp\/v2\/comments?post=202"}],"version-history":[{"count":3,"href":"https:\/\/towingservicecroatia.com\/en\/wp-json\/wp\/v2\/pages\/202\/revisions"}],"predecessor-version":[{"id":266,"href":"https:\/\/towingservicecroatia.com\/en\/wp-json\/wp\/v2\/pages\/202\/revisions\/266"}],"wp:attachment":[{"href":"https:\/\/towingservicecroatia.com\/en\/wp-json\/wp\/v2\/media?parent=202"}],"curies":[{"name":"wp","href":"https:\/\/api.w.org\/{rel}","templated":true}]}}