{"id":286,"date":"2017-07-02T10:43:32","date_gmt":"2017-07-02T08:43:32","guid":{"rendered":"http:\/\/towingservicecroatia.com\/towingservicecroatia.com\/smjestaj\/"},"modified":"2022-03-01T12:41:53","modified_gmt":"2022-03-01T11:41:53","slug":"accommodation","status":"publish","type":"page","link":"https:\/\/towingservicecroatia.com\/en\/accommodation\/","title":{"rendered":"Accommodation"},"content":{"rendered":"","protected":false},"excerpt":{"rendered":"","protected":false},"author":2,"featured_media":0,"parent":0,"menu_order":0,"comment_status":"closed","ping_status":"closed","template":"","meta":[],"yoast_head":"<!-- This site is optimized with the Yoast SEO plugin v19.11 - https:\/\/yoast.com\/wordpress\/plugins\/seo\/ -->\n<title>Auto Service Topic - Accommodation Baska Voda<\/title>\n<meta name=\"description\" content=\"We offer accommodation at 4 luxury apartments for 4 or 6 persons. All apartments have AC and consist of 2 two-bed rooms, toilet and balcony.\" \/>\n<meta name=\"robots\" content=\"index, follow, max-snippet:-1, max-image-preview:large, max-video-preview:-1\" \/>\n<link rel=\"canonical\" href=\"https:\/\/towingservicecroatia.com\/en\/accommodation\/\" \/>\n<meta property=\"og:locale\" content=\"en_US\" \/>\n<meta property=\"og:type\" content=\"article\" \/>\n<meta property=\"og:title\" content=\"Auto Service Topic - Accommodation Baska Voda\" \/>\n<meta property=\"og:description\" content=\"We offer accommodation at 4 luxury apartments for 4 or 6 persons. All apartments have AC and consist of 2 two-bed rooms, toilet and balcony.\" \/>\n<meta property=\"og:url\" content=\"https:\/\/towingservicecroatia.com\/en\/accommodation\/\" \/>\n<meta property=\"og:site_name\" content=\"Auto servis Topi\u0107\" \/>\n<meta property=\"article:modified_time\" content=\"2022-03-01T11:41:53+00:00\" \/>\n<meta name=\"twitter:card\" content=\"summary_large_image\" \/>\n<script type=\"application\/ld+json\" class=\"yoast-schema-graph\">{\"@context\":\"https:\/\/schema.org\",\"@graph\":[{\"@type\":\"WebPage\",\"@id\":\"https:\/\/towingservicecroatia.com\/en\/accommodation\/\",\"url\":\"https:\/\/towingservicecroatia.com\/en\/accommodation\/\",\"name\":\"Auto Service Topic - Accommodation Baska Voda\",\"isPartOf\":{\"@id\":\"https:\/\/towingservicecroatia.com\/en\/#website\"},\"datePublished\":\"2017-07-02T08:43:32+00:00\",\"dateModified\":\"2022-03-01T11:41:53+00:00\",\"description\":\"We offer accommodation at 4 luxury apartments for 4 or 6 persons. All apartments have AC and consist of 2 two-bed rooms, toilet and balcony.\",\"breadcrumb\":{\"@id\":\"https:\/\/towingservicecroatia.com\/en\/accommodation\/#breadcrumb\"},\"inLanguage\":\"en-US\",\"potentialAction\":[{\"@type\":\"ReadAction\",\"target\":[\"https:\/\/towingservicecroatia.com\/en\/accommodation\/\"]}]},{\"@type\":\"BreadcrumbList\",\"@id\":\"https:\/\/towingservicecroatia.com\/en\/accommodation\/#breadcrumb\",\"itemListElement\":[{\"@type\":\"ListItem\",\"position\":1,\"name\":\"Home\",\"item\":\"https:\/\/towingservicecroatia.com\/en\/\"},{\"@type\":\"ListItem\",\"position\":2,\"name\":\"Accommodation\"}]},{\"@type\":\"WebSite\",\"@id\":\"https:\/\/towingservicecroatia.com\/en\/#website\",\"url\":\"https:\/\/towingservicecroatia.com\/en\/\",\"name\":\"Auto servis Topi\u0107\",\"description\":\"Auto servis Topi\u0107 - Ba\u0161ka Voda\",\"potentialAction\":[{\"@type\":\"SearchAction\",\"target\":{\"@type\":\"EntryPoint\",\"urlTemplate\":\"https:\/\/towingservicecroatia.com\/en\/?s={search_term_string}\"},\"query-input\":\"required name=search_term_string\"}],\"inLanguage\":\"en-US\"}]}<\/script>\n<!-- \/ Yoast SEO plugin. -->","yoast_head_json":{"title":"Auto Service Topic - Accommodation Baska Voda","description":"We offer accommodation at 4 luxury apartments for 4 or 6 persons. All apartments have AC and consist of 2 two-bed rooms, toilet and balcony.","robots":{"index":"index","follow":"follow","max-snippet":"max-snippet:-1","max-image-preview":"max-image-preview:large","max-video-preview":"max-video-preview:-1"},"canonical":"https:\/\/towingservicecroatia.com\/en\/accommodation\/","og_locale":"en_US","og_type":"article","og_title":"Auto Service Topic - Accommodation Baska Voda","og_description":"We offer accommodation at 4 luxury apartments for 4 or 6 persons. All apartments have AC and consist of 2 two-bed rooms, toilet and balcony.","og_url":"https:\/\/towingservicecroatia.com\/en\/accommodation\/","og_site_name":"Auto servis Topi\u0107","article_modified_time":"2022-03-01T11:41:53+00:00","twitter_card":"summary_large_image","schema":{"@context":"https:\/\/schema.org","@graph":[{"@type":"WebPage","@id":"https:\/\/towingservicecroatia.com\/en\/accommodation\/","url":"https:\/\/towingservicecroatia.com\/en\/accommodation\/","name":"Auto Service Topic - Accommodation Baska Voda","isPartOf":{"@id":"https:\/\/towingservicecroatia.com\/en\/#website"},"datePublished":"2017-07-02T08:43:32+00:00","dateModified":"2022-03-01T11:41:53+00:00","description":"We offer accommodation at 4 luxury apartments for 4 or 6 persons. All apartments have AC and consist of 2 two-bed rooms, toilet and balcony.","breadcrumb":{"@id":"https:\/\/towingservicecroatia.com\/en\/accommodation\/#breadcrumb"},"inLanguage":"en-US","potentialAction":[{"@type":"ReadAction","target":["https:\/\/towingservicecroatia.com\/en\/accommodation\/"]}]},{"@type":"BreadcrumbList","@id":"https:\/\/towingservicecroatia.com\/en\/accommodation\/#breadcrumb","itemListElement":[{"@type":"ListItem","position":1,"name":"Home","item":"https:\/\/towingservicecroatia.com\/en\/"},{"@type":"ListItem","position":2,"name":"Accommodation"}]},{"@type":"WebSite","@id":"https:\/\/towingservicecroatia.com\/en\/#website","url":"https:\/\/towingservicecroatia.com\/en\/","name":"Auto servis Topi\u0107","description":"Auto servis Topi\u0107 - Ba\u0161ka Voda","potentialAction":[{"@type":"SearchAction","target":{"@type":"EntryPoint","urlTemplate":"https:\/\/towingservicecroatia.com\/en\/?s={search_term_string}"},"query-input":"required name=search_term_string"}],"inLanguage":"en-US"}]}},"_links":{"self":[{"href":"https:\/\/towingservicecroatia.com\/en\/wp-json\/wp\/v2\/pages\/286"}],"collection":[{"href":"https:\/\/towingservicecroatia.com\/en\/wp-json\/wp\/v2\/pages"}],"about":[{"href":"https:\/\/towingservicecroatia.com\/en\/wp-json\/wp\/v2\/types\/page"}],"author":[{"embeddable":true,"href":"https:\/\/towingservicecroatia.com\/en\/wp-json\/wp\/v2\/users\/2"}],"replies":[{"embeddable":true,"href":"https:\/\/towingservicecroatia.com\/en\/wp-json\/wp\/v2\/comments?post=286"}],"version-history":[{"count":1,"href":"https:\/\/towingservicecroatia.com\/en\/wp-json\/wp\/v2\/pages\/286\/revisions"}],"predecessor-version":[{"id":288,"href":"https:\/\/towingservicecroatia.com\/en\/wp-json\/wp\/v2\/pages\/286\/revisions\/288"}],"wp:attachment":[{"href":"https:\/\/towingservicecroatia.com\/en\/wp-json\/wp\/v2\/media?parent=286"}],"curies":[{"name":"wp","href":"https:\/\/api.w.org\/{rel}","templated":true}]}}