{"id":488,"date":"2022-11-25T09:30:07","date_gmt":"2022-11-25T08:30:07","guid":{"rendered":"https:\/\/towingservicecroatia.com\/politika-kolacica\/"},"modified":"2022-11-25T09:39:52","modified_gmt":"2022-11-25T08:39:52","slug":"politika-kolacica","status":"publish","type":"page","link":"https:\/\/towingservicecroatia.com\/en\/politika-kolacica\/","title":{"rendered":"Cookie policy"},"content":{"rendered":"\n<script id=\"CookieDeclaration\" src=\"https:\/\/consent.cookiebot.com\/15550ed3-4d96-471a-98a2-a43d426e6567\/cd.js\" type=\"text\/javascript\" async=\"\"><\/script>\n\n\n\n<div style=\"height:49px\" aria-hidden=\"true\" class=\"wp-block-spacer\"><\/div>\n","protected":false},"excerpt":{"rendered":"","protected":false},"author":2,"featured_media":0,"parent":0,"menu_order":0,"comment_status":"closed","ping_status":"closed","template":"","meta":[],"yoast_head":"<!-- This site is optimized with the Yoast SEO plugin v19.11 - https:\/\/yoast.com\/wordpress\/plugins\/seo\/ -->\n<title>Cookie policy - Auto servis Topi\u0107<\/title>\n<meta name=\"robots\" content=\"index, follow, max-snippet:-1, max-image-preview:large, max-video-preview:-1\" \/>\n<link rel=\"canonical\" href=\"https:\/\/towingservicecroatia.com\/en\/politika-kolacica\/\" \/>\n<meta property=\"og:locale\" content=\"en_US\" \/>\n<meta property=\"og:type\" content=\"article\" \/>\n<meta property=\"og:title\" content=\"Cookie policy - Auto servis Topi\u0107\" \/>\n<meta property=\"og:url\" content=\"https:\/\/towingservicecroatia.com\/en\/politika-kolacica\/\" \/>\n<meta property=\"og:site_name\" content=\"Auto servis Topi\u0107\" \/>\n<meta property=\"article:modified_time\" content=\"2022-11-25T08:39:52+00:00\" \/>\n<meta name=\"twitter:card\" content=\"summary_large_image\" \/>\n<script type=\"application\/ld+json\" class=\"yoast-schema-graph\">{\"@context\":\"https:\/\/schema.org\",\"@graph\":[{\"@type\":\"WebPage\",\"@id\":\"https:\/\/towingservicecroatia.com\/en\/politika-kolacica\/\",\"url\":\"https:\/\/towingservicecroatia.com\/en\/politika-kolacica\/\",\"name\":\"Cookie policy - Auto servis Topi\u0107\",\"isPartOf\":{\"@id\":\"https:\/\/towingservicecroatia.com\/en\/#website\"},\"datePublished\":\"2022-11-25T08:30:07+00:00\",\"dateModified\":\"2022-11-25T08:39:52+00:00\",\"breadcrumb\":{\"@id\":\"https:\/\/towingservicecroatia.com\/en\/politika-kolacica\/#breadcrumb\"},\"inLanguage\":\"en-US\",\"potentialAction\":[{\"@type\":\"ReadAction\",\"target\":[\"https:\/\/towingservicecroatia.com\/en\/politika-kolacica\/\"]}]},{\"@type\":\"BreadcrumbList\",\"@id\":\"https:\/\/towingservicecroatia.com\/en\/politika-kolacica\/#breadcrumb\",\"itemListElement\":[{\"@type\":\"ListItem\",\"position\":1,\"name\":\"Home\",\"item\":\"https:\/\/towingservicecroatia.com\/en\/\"},{\"@type\":\"ListItem\",\"position\":2,\"name\":\"Cookie policy\"}]},{\"@type\":\"WebSite\",\"@id\":\"https:\/\/towingservicecroatia.com\/en\/#website\",\"url\":\"https:\/\/towingservicecroatia.com\/en\/\",\"name\":\"Auto servis Topi\u0107\",\"description\":\"Auto servis Topi\u0107 - Ba\u0161ka Voda\",\"potentialAction\":[{\"@type\":\"SearchAction\",\"target\":{\"@type\":\"EntryPoint\",\"urlTemplate\":\"https:\/\/towingservicecroatia.com\/en\/?s={search_term_string}\"},\"query-input\":\"required name=search_term_string\"}],\"inLanguage\":\"en-US\"}]}<\/script>\n<!-- \/ Yoast SEO plugin. -->","yoast_head_json":{"title":"Cookie policy - Auto servis Topi\u0107","robots":{"index":"index","follow":"follow","max-snippet":"max-snippet:-1","max-image-preview":"max-image-preview:large","max-video-preview":"max-video-preview:-1"},"canonical":"https:\/\/towingservicecroatia.com\/en\/politika-kolacica\/","og_locale":"en_US","og_type":"article","og_title":"Cookie policy - Auto servis Topi\u0107","og_url":"https:\/\/towingservicecroatia.com\/en\/politika-kolacica\/","og_site_name":"Auto servis Topi\u0107","article_modified_time":"2022-11-25T08:39:52+00:00","twitter_card":"summary_large_image","schema":{"@context":"https:\/\/schema.org","@graph":[{"@type":"WebPage","@id":"https:\/\/towingservicecroatia.com\/en\/politika-kolacica\/","url":"https:\/\/towingservicecroatia.com\/en\/politika-kolacica\/","name":"Cookie policy - Auto servis Topi\u0107","isPartOf":{"@id":"https:\/\/towingservicecroatia.com\/en\/#website"},"datePublished":"2022-11-25T08:30:07+00:00","dateModified":"2022-11-25T08:39:52+00:00","breadcrumb":{"@id":"https:\/\/towingservicecroatia.com\/en\/politika-kolacica\/#breadcrumb"},"inLanguage":"en-US","potentialAction":[{"@type":"ReadAction","target":["https:\/\/towingservicecroatia.com\/en\/politika-kolacica\/"]}]},{"@type":"BreadcrumbList","@id":"https:\/\/towingservicecroatia.com\/en\/politika-kolacica\/#breadcrumb","itemListElement":[{"@type":"ListItem","position":1,"name":"Home","item":"https:\/\/towingservicecroatia.com\/en\/"},{"@type":"ListItem","position":2,"name":"Cookie policy"}]},{"@type":"WebSite","@id":"https:\/\/towingservicecroatia.com\/en\/#website","url":"https:\/\/towingservicecroatia.com\/en\/","name":"Auto servis Topi\u0107","description":"Auto servis Topi\u0107 - Ba\u0161ka Voda","potentialAction":[{"@type":"SearchAction","target":{"@type":"EntryPoint","urlTemplate":"https:\/\/towingservicecroatia.com\/en\/?s={search_term_string}"},"query-input":"required name=search_term_string"}],"inLanguage":"en-US"}]}},"_links":{"self":[{"href":"https:\/\/towingservicecroatia.com\/en\/wp-json\/wp\/v2\/pages\/488"}],"collection":[{"href":"https:\/\/towingservicecroatia.com\/en\/wp-json\/wp\/v2\/pages"}],"about":[{"href":"https:\/\/towingservicecroatia.com\/en\/wp-json\/wp\/v2\/types\/page"}],"author":[{"embeddable":true,"href":"https:\/\/towingservicecroatia.com\/en\/wp-json\/wp\/v2\/users\/2"}],"replies":[{"embeddable":true,"href":"https:\/\/towingservicecroatia.com\/en\/wp-json\/wp\/v2\/comments?post=488"}],"version-history":[{"count":1,"href":"https:\/\/towingservicecroatia.com\/en\/wp-json\/wp\/v2\/pages\/488\/revisions"}],"predecessor-version":[{"id":489,"href":"https:\/\/towingservicecroatia.com\/en\/wp-json\/wp\/v2\/pages\/488\/revisions\/489"}],"wp:attachment":[{"href":"https:\/\/towingservicecroatia.com\/en\/wp-json\/wp\/v2\/media?parent=488"}],"curies":[{"name":"wp","href":"https:\/\/api.w.org\/{rel}","templated":true}]}}